{"id":5249,"date":"2021-12-10T16:34:03","date_gmt":"2021-12-10T15:34:03","guid":{"rendered":"https:\/\/vendtra.com\/?page_id=5249"},"modified":"2026-04-28T17:41:22","modified_gmt":"2026-04-28T15:41:22","slug":"konzept","status":"publish","type":"page","link":"https:\/\/www.vendtra.com\/hu\/konzept\/","title":{"rendered":"Koncepci\u00f3"},"content":{"rendered":"<p><div class=\"fusion-fullwidth fullwidth-box fusion-builder-row-1 fusion-flex-container nonhundred-percent-fullwidth non-hundred-percent-height-scrolling\" style=\"--awb-border-radius-top-left:0px;--awb-border-radius-top-right:0px;--awb-border-radius-bottom-right:0px;--awb-border-radius-bottom-left:0px;--awb-margin-bottom:36px;--awb-flex-wrap:wrap;\" ><div class=\"fusion-builder-row fusion-row fusion-flex-align-items-flex-start fusion-flex-content-wrap\" style=\"max-width:1064.96px;margin-left: calc(-4% \/ 2 );margin-right: calc(-4% \/ 2 );\"><div class=\"fusion-layout-column fusion_builder_column fusion-builder-column-0 fusion_builder_column_1_1 1_1 fusion-flex-column\" style=\"--awb-bg-size:cover;--awb-width-large:100%;--awb-margin-top-large:15px;--awb-spacing-right-large:1.92%;--awb-margin-bottom-large:15px;--awb-spacing-left-large:1.92%;--awb-width-medium:100%;--awb-order-medium:0;--awb-spacing-right-medium:1.92%;--awb-spacing-left-medium:1.92%;--awb-width-small:100%;--awb-order-small:0;--awb-spacing-right-small:1.92%;--awb-spacing-left-small:1.92%;\"><div class=\"fusion-column-wrapper fusion-column-has-shadow fusion-flex-justify-content-flex-start fusion-content-layout-column\"><div class=\"fusion-text fusion-text-1\" style=\"--awb-text-transform:none;\"><p align=\"center\"><span style=\"font-size: 50px; line-height: 51px; font-family: Inter; font-weight: 200;\" data-fusion-font=\"true\" data-fusion-google-font=\"Inter\" data-fusion-google-variant=\"200\">Hivatalos ipari v\u00e1s\u00e1r N\u00e9metorsz\u00e1g<\/span><\/p>\n<\/div><div class=\"fusion-text fusion-text-2\" style=\"--awb-text-transform:none;\"><p style=\"font-family: Inter; font-weight: 400; font-size: 16px; line-height: 30px;\" data-fusion-font=\"true\" data-fusion-google-font=\"Inter\" data-fusion-google-variant=\"400\">A Vendtra a n\u00e9met automat\u00e1k \u00e9s k\u00e1v\u00e9z\u00e1si szakma hivatalos ki\u00e1ll\u00edt\u00e1sa, amely az \u00f6sszes szervezett \u00e9s nem szervezett automataprofesszion\u00e1lis \u00e9s kezd\u0151 szakembereket sz\u00f3l\u00edtja meg. A Vendtra f\u00f3kusz\u00e1ban az \u00fczemeltet\u0151k, az automat\u00e1k \u00e9s a k\u00e1v\u00e9szolg\u00e1ltat\u00f3 v\u00e1llalatok, p\u00f6rk\u00f6l\u0151k, vend\u00e9gl\u00e1t\u00f3k, v\u00e1llalati \u00e9tkeztet\u0151k, kioszkok, k\u00e1v\u00e9z\u00f3k, gasztron\u00f3miai egys\u00e9gek, sz\u00e1llod\u00e1k, p\u00e9ks\u00e9gek, hentesek, mez\u0151gazdas\u00e1gi termel\u0151k, \u00f6nk\u00f6lts\u00e9g-elad\u00f3k, robotikai \u00e9s 24\/7-es \u00e9rt\u00e9kes\u00edt\u00e9si pontok alapvet\u0151 \u00fczlete \u00e1ll.<\/p>\n<p style=\"font-family: Inter; font-weight: 400; font-size: 16px; line-height: 30px;\" data-fusion-font=\"true\" data-fusion-google-font=\"Inter\" data-fusion-google-variant=\"400\">A BDV (Bundesverband der Deutschen Vending-Automatenwirtschaft e.V.)-vel szoros egy\u00fcttm\u0171k\u00f6d\u00e9sben a Vendtra arra \u00f6sszpontos\u00edt, hogy az ipar\u00e1g minden szerepl\u0151je sz\u00e1m\u00e1ra gyakorlati v\u00e1laszokat k\u00edn\u00e1ljon a n\u00f6veked\u00e9s fokoz\u00e1s\u00e1ra, k\u00fcl\u00f6n\u00f6s tekintettel az \u00faj term\u00e9kekre, technol\u00f3gi\u00e1kra, koncepci\u00f3kra, valamint a folyamatok optimaliz\u00e1l\u00e1s\u00e1ra, illetve automatiz\u00e1l\u00e1s\u00e1ra \u00e9p\u00fcl\u0151 \u00faj bev\u00e9telekre.<\/p>\n<p style=\"font-family: Inter; font-weight: 400; font-size: 16px; line-height: 30px;\" data-fusion-font=\"true\" data-fusion-google-font=\"Inter\" data-fusion-google-variant=\"400\">A Vendtra egy klasszikus ki\u00e1ll\u00edt\u00f3i ter\u00fclettel (standok\/boxok), Speed-Up Tablettel (a m\u00e9g gyorsabb kapcsolattart\u00e1s\u00e9rt), valamint egy ki\u00e1ll\u00edt\u00f3i \u00e9s lobby-ter\u00fcleten zajl\u00f3 el\u0151ad\u00e1s-programmal rendelkezik. A term\u00e9kbemutat\u00f3k, B2B, trendek \u00e9s elemz\u00e9sek is fontos t\u00e9m\u00e1k mindk\u00e9t ki\u00e1ll\u00edt\u00e1si napon. Az els\u0151 napon megrendez\u00e9sre ker\u00fcl\u0151 hivatalos ipar\u00e1gi est, \u00e1tlagosan +800 l\u00e1togat\u00f3val, hangs\u00falyozza az akt\u00edv kommunik\u00e1ci\u00f3t \u00e9s a B2B lehet\u0151s\u00e9geket.  <\/p>\n<\/div><\/div><\/div><\/div><\/div><div class=\"fusion-fullwidth fullwidth-box fusion-builder-row-2 fusion-flex-container nonhundred-percent-fullwidth non-hundred-percent-height-scrolling\" style=\"--awb-border-radius-top-left:0px;--awb-border-radius-top-right:0px;--awb-border-radius-bottom-right:0px;--awb-border-radius-bottom-left:0px;--awb-padding-top:0px;--awb-margin-top:0px;--awb-flex-wrap:wrap;\" ><div class=\"fusion-builder-row fusion-row fusion-flex-align-items-flex-start fusion-flex-content-wrap\" style=\"max-width:1064.96px;margin-left: calc(-4% \/ 2 );margin-right: calc(-4% \/ 2 );\"><div class=\"fusion-layout-column fusion_builder_column fusion-builder-column-1 fusion_builder_column_1_3 1_3 fusion-flex-column\" style=\"--awb-bg-size:cover;--awb-width-large:33.333333333333%;--awb-margin-top-large:15px;--awb-spacing-right-large:5.76%;--awb-margin-bottom-large:15px;--awb-spacing-left-large:5.76%;--awb-width-medium:100%;--awb-order-medium:0;--awb-spacing-right-medium:1.92%;--awb-spacing-left-medium:1.92%;--awb-width-small:100%;--awb-order-small:0;--awb-spacing-right-small:1.92%;--awb-spacing-left-small:1.92%;\"><div class=\"fusion-column-wrapper fusion-column-has-shadow fusion-flex-justify-content-flex-start fusion-content-layout-column\"><div class=\"fusion-image-element\" style=\"--awb-bottom-shadow-color:rgba(140,149,163,0.4);--awb-caption-title-font-family:var(--h2_typography-font-family);--awb-caption-title-font-weight:var(--h2_typography-font-weight);--awb-caption-title-font-style:var(--h2_typography-font-style);--awb-caption-title-size:var(--h2_typography-font-size);--awb-caption-title-transform:var(--h2_typography-text-transform);--awb-caption-title-line-height:var(--h2_typography-line-height);--awb-caption-title-letter-spacing:var(--h2_typography-letter-spacing);\"><div class=\"awb-image-frame awb-image-frame-1 awb-bottomshadow\"><span class=\"fusion-imageframe imageframe-bottomshadow imageframe-1 hover-type-zoomout\"><img decoding=\"async\" width=\"496\" height=\"289\" alt=\"Vendtra, Vending Trade Festival Deutschland\" title=\"Vendtra, Vending Trade Festival N\u00e9metorsz\u00e1g\" src=\"https:\/\/vendtra.com\/wp-content\/uploads\/2021\/12\/Konzept-Vendtra.png\" class=\"img-responsive wp-image-5265\" srcset=\"https:\/\/www.vendtra.com\/wp-content\/uploads\/2021\/12\/Konzept-Vendtra-200x117.png 200w, https:\/\/www.vendtra.com\/wp-content\/uploads\/2021\/12\/Konzept-Vendtra-400x233.png 400w, https:\/\/www.vendtra.com\/wp-content\/uploads\/2021\/12\/Konzept-Vendtra.png 496w\" sizes=\"(max-width: 1024px) 100vw, (max-width: 640px) 100vw, 400px\" \/><\/span><svg xmlns=\"http:\/\/www.w3.org\/2000\/svg\" version=\"1.1\" width=\"100%\" viewbox=\"0 0 600 28\" preserveaspectratio=\"none\"><g clip-path=\"url(#a)\"><mask id=\"b\" style=\"mask-type:luminance\" maskunits=\"userSpaceOnUse\" x=\"0\" y=\"0\" width=\"600\" height=\"28\"><path d=\"M0 0h600v28H0V0Z\" fill=\"#fff\"\/><\/mask><g filter=\"url(#c)\" mask=\"url(#b)\"><path d=\"M16.439-18.667h567.123v30.8S438.961-8.4 300-8.4C161.04-8.4 16.438 12.133 16.438 12.133v-30.8Z\" fill=\"#000\"\/><\/g><\/g><defs><clippath id=\"a\"><path fill=\"#fff\" d=\"M0 0h600v28H0z\"\/><\/clippath><filter id=\"c\" x=\"5.438\" y=\"-29.667\" width=\"589.123\" height=\"52.8\" filterunits=\"userSpaceOnUse\" color-interpolation-filters=\"sRGB\"><feflood flood-opacity=\"0\" result=\"BackgroundImageFix\"\/><feblend in=\"SourceGraphic\" in2=\"BackgroundImageFix\" result=\"shape\"\/><fegaussianblur stddeviation=\"5.5\" result=\"effect1_foregroundBlur_3983_183\"\/><\/filter><\/defs><\/svg><\/div><\/div><\/div><\/div><div class=\"fusion-layout-column fusion_builder_column fusion-builder-column-2 fusion_builder_column_2_3 2_3 fusion-flex-column\" style=\"--awb-bg-size:cover;--awb-width-large:66.666666666667%;--awb-margin-top-large:0px;--awb-spacing-right-large:2.88%;--awb-margin-bottom-large:15px;--awb-spacing-left-large:2.88%;--awb-width-medium:100%;--awb-order-medium:0;--awb-spacing-right-medium:1.92%;--awb-spacing-left-medium:1.92%;--awb-width-small:100%;--awb-order-small:0;--awb-spacing-right-small:1.92%;--awb-spacing-left-small:1.92%;\"><div class=\"fusion-column-wrapper fusion-column-has-shadow fusion-flex-justify-content-flex-start fusion-content-layout-column\"><div class=\"fusion-text fusion-text-3\" style=\"--awb-text-transform:none;\"><p style=\"font-size: 30px; font-family: 'Inter Tight'; font-weight: 200; line-height: 60px;\" data-fusion-font=\"true\" data-fusion-google-font=\"Inter Tight\" data-fusion-google-variant=\"200\">VENDTRA<\/p>\n<p><span style=\"font-family: Inter; font-weight: 400; font-size: 16px; line-height: 32px;\" data-fusion-font=\"true\" data-fusion-google-font=\"Inter\" data-fusion-google-variant=\"400\">Klasszikus v\u00e1s\u00e1rcsarnok. V\u00e1s\u00e1rboxok\/-stand ter\u00fclet, Speed-Up Table Area (gyors tal\u00e1lkoz\u00f3khoz), Sz\u00ednpad ter\u00fclet (ki\u00e1ll\u00edt\u00f3i el\u0151ad\u00e1s\/el\u0151t\u00e9r) \u00e9s a j\u00f3l bev\u00e1lt Operator Lounge. <\/span><\/p>\n<\/div><\/div><\/div><\/div><\/div><div class=\"fusion-fullwidth fullwidth-box fusion-builder-row-3 fusion-flex-container nonhundred-percent-fullwidth non-hundred-percent-height-scrolling\" style=\"--awb-border-radius-top-left:0px;--awb-border-radius-top-right:0px;--awb-border-radius-bottom-right:0px;--awb-border-radius-bottom-left:0px;--awb-padding-top:0px;--awb-margin-top:0px;--awb-flex-wrap:wrap;\" ><div class=\"fusion-builder-row fusion-row fusion-flex-align-items-flex-start fusion-flex-content-wrap\" style=\"max-width:1064.96px;margin-left: calc(-4% \/ 2 );margin-right: calc(-4% \/ 2 );\"><div class=\"fusion-layout-column fusion_builder_column fusion-builder-column-3 fusion_builder_column_1_3 1_3 fusion-flex-column\" style=\"--awb-bg-size:cover;--awb-width-large:33.333333333333%;--awb-margin-top-large:15px;--awb-spacing-right-large:5.76%;--awb-margin-bottom-large:15px;--awb-spacing-left-large:5.76%;--awb-width-medium:100%;--awb-order-medium:0;--awb-spacing-right-medium:1.92%;--awb-spacing-left-medium:1.92%;--awb-width-small:100%;--awb-order-small:0;--awb-spacing-right-small:1.92%;--awb-spacing-left-small:1.92%;\"><div class=\"fusion-column-wrapper fusion-column-has-shadow fusion-flex-justify-content-flex-start fusion-content-layout-column\"><div class=\"fusion-image-element\" style=\"--awb-bottom-shadow-color:rgba(140,149,163,0.4);--awb-caption-title-font-family:var(--h2_typography-font-family);--awb-caption-title-font-weight:var(--h2_typography-font-weight);--awb-caption-title-font-style:var(--h2_typography-font-style);--awb-caption-title-size:var(--h2_typography-font-size);--awb-caption-title-transform:var(--h2_typography-text-transform);--awb-caption-title-line-height:var(--h2_typography-line-height);--awb-caption-title-letter-spacing:var(--h2_typography-letter-spacing);\"><div class=\"awb-image-frame awb-image-frame-2 awb-bottomshadow\"><span class=\"fusion-imageframe imageframe-bottomshadow imageframe-2 hover-type-zoomout\"><img decoding=\"async\" width=\"496\" height=\"289\" alt=\"Vendtra, Vending Trade Festival Deutschland\" title=\"Vendtra, Vending Trade Festival N\u00e9metorsz\u00e1g\" src=\"https:\/\/vendtra.com\/wp-content\/uploads\/2021\/12\/Konzept-Incentive.png\" class=\"img-responsive wp-image-5267\" srcset=\"https:\/\/www.vendtra.com\/wp-content\/uploads\/2021\/12\/Konzept-Incentive-200x117.png 200w, https:\/\/www.vendtra.com\/wp-content\/uploads\/2021\/12\/Konzept-Incentive-400x233.png 400w, https:\/\/www.vendtra.com\/wp-content\/uploads\/2021\/12\/Konzept-Incentive.png 496w\" sizes=\"(max-width: 1024px) 100vw, (max-width: 640px) 100vw, 400px\" \/><\/span><svg xmlns=\"http:\/\/www.w3.org\/2000\/svg\" version=\"1.1\" width=\"100%\" viewbox=\"0 0 600 28\" preserveaspectratio=\"none\"><g clip-path=\"url(#a)\"><mask id=\"b\" style=\"mask-type:luminance\" maskunits=\"userSpaceOnUse\" x=\"0\" y=\"0\" width=\"600\" height=\"28\"><path d=\"M0 0h600v28H0V0Z\" fill=\"#fff\"\/><\/mask><g filter=\"url(#c)\" mask=\"url(#b)\"><path d=\"M16.439-18.667h567.123v30.8S438.961-8.4 300-8.4C161.04-8.4 16.438 12.133 16.438 12.133v-30.8Z\" fill=\"#000\"\/><\/g><\/g><defs><clippath id=\"a\"><path fill=\"#fff\" d=\"M0 0h600v28H0z\"\/><\/clippath><filter id=\"c\" x=\"5.438\" y=\"-29.667\" width=\"589.123\" height=\"52.8\" filterunits=\"userSpaceOnUse\" color-interpolation-filters=\"sRGB\"><feflood flood-opacity=\"0\" result=\"BackgroundImageFix\"\/><feblend in=\"SourceGraphic\" in2=\"BackgroundImageFix\" result=\"shape\"\/><fegaussianblur stddeviation=\"5.5\" result=\"effect1_foregroundBlur_3983_183\"\/><\/filter><\/defs><\/svg><\/div><\/div><\/div><\/div><div class=\"fusion-layout-column fusion_builder_column fusion-builder-column-4 fusion_builder_column_2_3 2_3 fusion-flex-column\" style=\"--awb-bg-size:cover;--awb-width-large:66.666666666667%;--awb-margin-top-large:0px;--awb-spacing-right-large:2.88%;--awb-margin-bottom-large:15px;--awb-spacing-left-large:2.88%;--awb-width-medium:100%;--awb-order-medium:0;--awb-spacing-right-medium:1.92%;--awb-spacing-left-medium:1.92%;--awb-width-small:100%;--awb-order-small:0;--awb-spacing-right-small:1.92%;--awb-spacing-left-small:1.92%;\"><div class=\"fusion-column-wrapper fusion-column-has-shadow fusion-flex-justify-content-flex-start fusion-content-layout-column\"><div class=\"fusion-text fusion-text-4\" style=\"--awb-text-transform:none;\"><p style=\"font-size: 30px; font-family: Inter; font-weight: 200;\" data-fusion-font=\"true\" data-fusion-google-font=\"Inter\" data-fusion-google-variant=\"200\">F\u00dcGG\u0150LEGES EST\u00c9K<\/p>\n<p><b><span style=\"font-family: Inter; font-weight: 400; font-size: 16px; line-height: 32px;\" data-fusion-font=\"true\" data-fusion-google-font=\"Inter\" data-fusion-google-variant=\"400\">\u00c1tlagosan +800 l\u00e1togat\u00f3val az Ipartal\u00e1lkoz\u00f3 a vend\u00e9gl\u00e1t\u00f3- \u00e9s k\u00e1v\u00e9ipari \u00e1gazat legnagyobb eur\u00f3pai B2B rendezv\u00e9nye. Aki kapcsolatot akar tartani \u00e9s \u00fajakat szeretne szerezni, megragadja a p\u00e1rbesz\u00e9d lehet\u0151s\u00e9g\u00e9t. <\/span><\/b><\/p>\n<\/div><\/div><\/div><\/div><\/div><div class=\"fusion-fullwidth fullwidth-box fusion-builder-row-4 fusion-flex-container nonhundred-percent-fullwidth non-hundred-percent-height-scrolling\" style=\"--awb-border-radius-top-left:0px;--awb-border-radius-top-right:0px;--awb-border-radius-bottom-right:0px;--awb-border-radius-bottom-left:0px;--awb-padding-top:0px;--awb-margin-top:0px;--awb-flex-wrap:wrap;\" ><div class=\"fusion-builder-row fusion-row fusion-flex-align-items-flex-start fusion-flex-content-wrap\" style=\"max-width:1064.96px;margin-left: calc(-4% \/ 2 );margin-right: calc(-4% \/ 2 );\"><div class=\"fusion-layout-column fusion_builder_column fusion-builder-column-5 fusion_builder_column_1_3 1_3 fusion-flex-column\" style=\"--awb-bg-size:cover;--awb-width-large:33.333333333333%;--awb-margin-top-large:15px;--awb-spacing-right-large:5.76%;--awb-margin-bottom-large:15px;--awb-spacing-left-large:5.76%;--awb-width-medium:100%;--awb-order-medium:0;--awb-spacing-right-medium:1.92%;--awb-spacing-left-medium:1.92%;--awb-width-small:100%;--awb-order-small:0;--awb-spacing-right-small:1.92%;--awb-spacing-left-small:1.92%;\"><div class=\"fusion-column-wrapper fusion-column-has-shadow fusion-flex-justify-content-flex-start fusion-content-layout-column\"><div class=\"fusion-image-element\" style=\"--awb-bottom-shadow-color:rgba(140,149,163,0.4);--awb-caption-title-font-family:var(--h2_typography-font-family);--awb-caption-title-font-weight:var(--h2_typography-font-weight);--awb-caption-title-font-style:var(--h2_typography-font-style);--awb-caption-title-size:var(--h2_typography-font-size);--awb-caption-title-transform:var(--h2_typography-text-transform);--awb-caption-title-line-height:var(--h2_typography-line-height);--awb-caption-title-letter-spacing:var(--h2_typography-letter-spacing);\"><div class=\"awb-image-frame awb-image-frame-3 awb-bottomshadow\"><span class=\"fusion-imageframe imageframe-bottomshadow imageframe-3 hover-type-zoomout\"><img decoding=\"async\" width=\"496\" height=\"289\" alt=\"Vendtra, Vending Trade Festival Deutschland\" title=\"Vendtra, Vending Trade Festival N\u00e9metorsz\u00e1g\" src=\"https:\/\/vendtra.com\/wp-content\/uploads\/2021\/12\/Konzept-Twins.png\" class=\"img-responsive wp-image-5271\" srcset=\"https:\/\/www.vendtra.com\/wp-content\/uploads\/2021\/12\/Konzept-Twins-200x117.png 200w, https:\/\/www.vendtra.com\/wp-content\/uploads\/2021\/12\/Konzept-Twins-400x233.png 400w, https:\/\/www.vendtra.com\/wp-content\/uploads\/2021\/12\/Konzept-Twins.png 496w\" sizes=\"(max-width: 1024px) 100vw, (max-width: 640px) 100vw, 400px\" \/><\/span><svg xmlns=\"http:\/\/www.w3.org\/2000\/svg\" version=\"1.1\" width=\"100%\" viewbox=\"0 0 600 28\" preserveaspectratio=\"none\"><g clip-path=\"url(#a)\"><mask id=\"b\" style=\"mask-type:luminance\" maskunits=\"userSpaceOnUse\" x=\"0\" y=\"0\" width=\"600\" height=\"28\"><path d=\"M0 0h600v28H0V0Z\" fill=\"#fff\"\/><\/mask><g filter=\"url(#c)\" mask=\"url(#b)\"><path d=\"M16.439-18.667h567.123v30.8S438.961-8.4 300-8.4C161.04-8.4 16.438 12.133 16.438 12.133v-30.8Z\" fill=\"#000\"\/><\/g><\/g><defs><clippath id=\"a\"><path fill=\"#fff\" d=\"M0 0h600v28H0z\"\/><\/clippath><filter id=\"c\" x=\"5.438\" y=\"-29.667\" width=\"589.123\" height=\"52.8\" filterunits=\"userSpaceOnUse\" color-interpolation-filters=\"sRGB\"><feflood flood-opacity=\"0\" result=\"BackgroundImageFix\"\/><feblend in=\"SourceGraphic\" in2=\"BackgroundImageFix\" result=\"shape\"\/><fegaussianblur stddeviation=\"5.5\" result=\"effect1_foregroundBlur_3983_183\"\/><\/filter><\/defs><\/svg><\/div><\/div><\/div><\/div><div class=\"fusion-layout-column fusion_builder_column fusion-builder-column-6 fusion_builder_column_2_3 2_3 fusion-flex-column\" style=\"--awb-bg-size:cover;--awb-width-large:66.666666666667%;--awb-margin-top-large:0px;--awb-spacing-right-large:2.88%;--awb-margin-bottom-large:15px;--awb-spacing-left-large:2.88%;--awb-width-medium:100%;--awb-order-medium:0;--awb-spacing-right-medium:1.92%;--awb-spacing-left-medium:1.92%;--awb-width-small:100%;--awb-order-small:0;--awb-spacing-right-small:1.92%;--awb-spacing-left-small:1.92%;\"><div class=\"fusion-column-wrapper fusion-column-has-shadow fusion-flex-justify-content-flex-start fusion-content-layout-column\"><div class=\"fusion-text fusion-text-5\" style=\"--awb-text-transform:none;\"><p style=\"font-size: 30px; font-family: Inter; font-weight: 200; line-height: 60px;\" data-fusion-font=\"true\" data-fusion-google-font=\"Inter\" data-fusion-google-variant=\"200\">VENDTRA TWINS<\/p>\n<p><span style=\"font-family: Inter; font-weight: 400; font-size: 16px; line-height: 32px;\" data-fusion-font=\"true\" data-fusion-google-font=\"Inter\" data-fusion-google-variant=\"400\">A Vendtra Twins azoknak a munkat\u00e1rsaknak sz\u00f3l, akik szint\u00e9n r\u00e9szt szeretn\u00e9nek venni \u00e9s \u00e9rtes\u00fclni akarnak. A Vendtra Twins digit\u00e1lis online ki\u00e1ll\u00edt\u00e1s minden t\u00e1mogat\u00e1st, maga a ki\u00e1ll\u00edt\u00e1s term\u00e9kinform\u00e1ci\u00f3it \u00e9s let\u00f6lthet\u0151 anyagokat k\u00edn\u00e1l.<\/span><\/p>\n<\/div><\/div><\/div><\/div><\/div><\/p>","protected":false},"excerpt":{"rendered":"","protected":false},"author":1,"featured_media":-3,"parent":0,"menu_order":0,"comment_status":"closed","ping_status":"closed","template":"100-width.php","meta":{"_acf_changed":false,"footnotes":""},"class_list":["post-5249","page","type-page","status-publish","has-post-thumbnail","hentry"],"acf":[],"yoast_head":"<!-- This site is optimized with the Yoast SEO plugin v27.5 - https:\/\/yoast.com\/product\/yoast-seo-wordpress\/ -->\n<title>VENDTRA<\/title>\n<meta name=\"description\" content=\"Vending Trade Festival, Germany\" \/>\n<meta name=\"robots\" content=\"index, follow, max-snippet:-1, max-image-preview:large, max-video-preview:-1\" \/>\n<link rel=\"canonical\" href=\"https:\/\/www.vendtra.com\/hu\/konzept\/\" \/>\n<meta property=\"og:locale\" content=\"hu_HU\" \/>\n<meta property=\"og:type\" content=\"article\" \/>\n<meta property=\"og:title\" content=\"VENDTRA\" \/>\n<meta property=\"og:description\" content=\"Vending Trade Festival, Germany\" \/>\n<meta property=\"og:url\" content=\"https:\/\/www.vendtra.com\/hu\/konzept\/\" \/>\n<meta property=\"og:site_name\" content=\"VENDTRA\" \/>\n<meta property=\"article:publisher\" content=\"https:\/\/www.facebook.com\/vendingreport\/?ref=pages_you_manage\" \/>\n<meta property=\"article:modified_time\" content=\"2026-04-28T15:41:22+00:00\" \/>\n<meta name=\"twitter:card\" content=\"summary_large_image\" \/>\n<meta name=\"twitter:label1\" content=\"Becs\u00fclt olvas\u00e1si id\u0151\" \/>\n\t<meta name=\"twitter:data1\" content=\"6 perc\" \/>\n<script type=\"application\/ld+json\" class=\"yoast-schema-graph\">{\"@context\":\"https:\\\/\\\/schema.org\",\"@graph\":[{\"@type\":\"WebPage\",\"@id\":\"https:\\\/\\\/www.vendtra.com\\\/de\\\/konzept\\\/\",\"url\":\"https:\\\/\\\/www.vendtra.com\\\/de\\\/konzept\\\/\",\"name\":\"VENDTRA\",\"isPartOf\":{\"@id\":\"https:\\\/\\\/www.vendtra.com\\\/#website\"},\"datePublished\":\"2021-12-10T15:34:03+00:00\",\"dateModified\":\"2026-04-28T15:41:22+00:00\",\"description\":\"Vending Trade Festival, Germany\",\"breadcrumb\":{\"@id\":\"https:\\\/\\\/www.vendtra.com\\\/de\\\/konzept\\\/#breadcrumb\"},\"inLanguage\":\"hu\",\"potentialAction\":[{\"@type\":\"ReadAction\",\"target\":[\"https:\\\/\\\/www.vendtra.com\\\/de\\\/konzept\\\/\"]}]},{\"@type\":\"BreadcrumbList\",\"@id\":\"https:\\\/\\\/www.vendtra.com\\\/de\\\/konzept\\\/#breadcrumb\",\"itemListElement\":[{\"@type\":\"ListItem\",\"position\":1,\"name\":\"Startseite\",\"item\":\"https:\\\/\\\/www.vendtra.com\\\/de\\\/\"},{\"@type\":\"ListItem\",\"position\":2,\"name\":\"Konzept\"}]},{\"@type\":\"WebSite\",\"@id\":\"https:\\\/\\\/www.vendtra.com\\\/#website\",\"url\":\"https:\\\/\\\/www.vendtra.com\\\/\",\"name\":\"VENDTRA\",\"description\":\"Messe der Vending- und Kaffeewirtschaft Deutschland\",\"publisher\":{\"@id\":\"https:\\\/\\\/www.vendtra.com\\\/#organization\"},\"potentialAction\":[{\"@type\":\"SearchAction\",\"target\":{\"@type\":\"EntryPoint\",\"urlTemplate\":\"https:\\\/\\\/www.vendtra.com\\\/?s={search_term_string}\"},\"query-input\":{\"@type\":\"PropertyValueSpecification\",\"valueRequired\":true,\"valueName\":\"search_term_string\"}}],\"inLanguage\":\"hu\"},{\"@type\":\"Organization\",\"@id\":\"https:\\\/\\\/www.vendtra.com\\\/#organization\",\"name\":\"VENDTRA\",\"url\":\"https:\\\/\\\/www.vendtra.com\\\/\",\"logo\":{\"@type\":\"ImageObject\",\"inLanguage\":\"hu\",\"@id\":\"https:\\\/\\\/www.vendtra.com\\\/#\\\/schema\\\/logo\\\/image\\\/\",\"url\":\"https:\\\/\\\/www.vendtra.com\\\/wp-content\\\/uploads\\\/2021\\\/01\\\/vendtra_apple_ipad_retina.png\",\"contentUrl\":\"https:\\\/\\\/www.vendtra.com\\\/wp-content\\\/uploads\\\/2021\\\/01\\\/vendtra_apple_ipad_retina.png\",\"width\":167,\"height\":167,\"caption\":\"VENDTRA\"},\"image\":{\"@id\":\"https:\\\/\\\/www.vendtra.com\\\/#\\\/schema\\\/logo\\\/image\\\/\"},\"sameAs\":[\"https:\\\/\\\/www.facebook.com\\\/vendingreport\\\/?ref=pages_you_manage\"]}]}<\/script>\n<!-- \/ Yoast SEO plugin. -->","yoast_head_json":{"title":"VENDTRA","description":"Vending Trade Fesztiv\u00e1l, N\u00e9metorsz\u00e1g","robots":{"index":"index","follow":"follow","max-snippet":"max-snippet:-1","max-image-preview":"max-image-preview:large","max-video-preview":"max-video-preview:-1"},"canonical":"https:\/\/www.vendtra.com\/hu\/konzept\/","og_locale":"hu_HU","og_type":"article","og_title":"VENDTRA","og_description":"Vending Trade Festival, Germany","og_url":"https:\/\/www.vendtra.com\/hu\/konzept\/","og_site_name":"VENDTRA","article_publisher":"https:\/\/www.facebook.com\/vendingreport\/?ref=pages_you_manage","article_modified_time":"2026-04-28T15:41:22+00:00","twitter_card":"summary_large_image","twitter_misc":{"Becs\u00fclt olvas\u00e1si id\u0151":"6 perc"},"schema":{"@context":"https:\/\/schema.org","@graph":[{"@type":"WebPage","@id":"https:\/\/www.vendtra.com\/de\/konzept\/","url":"https:\/\/www.vendtra.com\/de\/konzept\/","name":"VENDTRA","isPartOf":{"@id":"https:\/\/www.vendtra.com\/#website"},"datePublished":"2021-12-10T15:34:03+00:00","dateModified":"2026-04-28T15:41:22+00:00","description":"Vending Trade Fesztiv\u00e1l, N\u00e9metorsz\u00e1g","breadcrumb":{"@id":"https:\/\/www.vendtra.com\/de\/konzept\/#breadcrumb"},"inLanguage":"hu","potentialAction":[{"@type":"ReadAction","target":["https:\/\/www.vendtra.com\/de\/konzept\/"]}]},{"@type":"BreadcrumbList","@id":"https:\/\/www.vendtra.com\/de\/konzept\/#breadcrumb","itemListElement":[{"@type":"ListItem","position":1,"name":"Startseite","item":"https:\/\/www.vendtra.com\/de\/"},{"@type":"ListItem","position":2,"name":"Konzept"}]},{"@type":"WebSite","@id":"https:\/\/www.vendtra.com\/#website","url":"https:\/\/www.vendtra.com\/","name":"VENDTRA","description":"N\u00e9metorsz\u00e1g vending- \u00e9s k\u00e1v\u00e9ipari ki\u00e1ll\u00edt\u00e1sa","publisher":{"@id":"https:\/\/www.vendtra.com\/#organization"},"potentialAction":[{"@type":"SearchAction","target":{"@type":"EntryPoint","urlTemplate":"https:\/\/www.vendtra.com\/?s={search_term_string}"},"query-input":{"@type":"PropertyValueSpecification","valueRequired":true,"valueName":"search_term_string"}}],"inLanguage":"hu"},{"@type":"Organization","@id":"https:\/\/www.vendtra.com\/#organization","name":"VENDTRA","url":"https:\/\/www.vendtra.com\/","logo":{"@type":"ImageObject","inLanguage":"hu","@id":"https:\/\/www.vendtra.com\/#\/schema\/logo\/image\/","url":"https:\/\/www.vendtra.com\/wp-content\/uploads\/2021\/01\/vendtra_apple_ipad_retina.png","contentUrl":"https:\/\/www.vendtra.com\/wp-content\/uploads\/2021\/01\/vendtra_apple_ipad_retina.png","width":167,"height":167,"caption":"VENDTRA"},"image":{"@id":"https:\/\/www.vendtra.com\/#\/schema\/logo\/image\/"},"sameAs":["https:\/\/www.facebook.com\/vendingreport\/?ref=pages_you_manage"]}]}},"_links":{"self":[{"href":"https:\/\/www.vendtra.com\/hu\/wp-json\/wp\/v2\/pages\/5249","targetHints":{"allow":["GET"]}}],"collection":[{"href":"https:\/\/www.vendtra.com\/hu\/wp-json\/wp\/v2\/pages"}],"about":[{"href":"https:\/\/www.vendtra.com\/hu\/wp-json\/wp\/v2\/types\/page"}],"author":[{"embeddable":true,"href":"https:\/\/www.vendtra.com\/hu\/wp-json\/wp\/v2\/users\/1"}],"replies":[{"embeddable":true,"href":"https:\/\/www.vendtra.com\/hu\/wp-json\/wp\/v2\/comments?post=5249"}],"version-history":[{"count":15,"href":"https:\/\/www.vendtra.com\/hu\/wp-json\/wp\/v2\/pages\/5249\/revisions"}],"predecessor-version":[{"id":7900,"href":"https:\/\/www.vendtra.com\/hu\/wp-json\/wp\/v2\/pages\/5249\/revisions\/7900"}],"wp:featuredmedia":[{"embeddable":true,"href":"https:\/\/www.vendtra.com\/hu\/wp-json\/"}],"wp:attachment":[{"href":"https:\/\/www.vendtra.com\/hu\/wp-json\/wp\/v2\/media?parent=5249"}],"curies":[{"name":"wp","href":"https:\/\/api.w.org\/{rel}","templated":true}]}}