{"id":4966,"date":"2021-11-23T20:22:20","date_gmt":"2021-11-23T19:22:20","guid":{"rendered":"https:\/\/vendtra.com\/?page_id=4966"},"modified":"2026-04-20T13:31:03","modified_gmt":"2026-04-20T11:31:03","slug":"lage","status":"publish","type":"page","link":"https:\/\/www.vendtra.com\/fr\/lage\/","title":{"rendered":"Situation"},"content":{"rendered":"<p><div class=\"fusion-fullwidth fullwidth-box fusion-builder-row-1 fusion-flex-container nonhundred-percent-fullwidth non-hundred-percent-height-scrolling\" style=\"--awb-border-radius-top-left:0px;--awb-border-radius-top-right:0px;--awb-border-radius-bottom-right:0px;--awb-border-radius-bottom-left:0px;--awb-flex-wrap:wrap;\" ><div class=\"fusion-builder-row fusion-row fusion-flex-align-items-flex-start fusion-flex-content-wrap\" style=\"max-width:1064.96px;margin-left: calc(-4% \/ 2 );margin-right: calc(-4% \/ 2 );\"><div class=\"fusion-layout-column fusion_builder_column fusion-builder-column-0 fusion_builder_column_1_1 1_1 fusion-flex-column\" style=\"--awb-bg-size:cover;--awb-width-large:100%;--awb-margin-top-large:15px;--awb-spacing-right-large:1.92%;--awb-margin-bottom-large:15px;--awb-spacing-left-large:1.92%;--awb-width-medium:100%;--awb-order-medium:0;--awb-spacing-right-medium:1.92%;--awb-spacing-left-medium:1.92%;--awb-width-small:100%;--awb-order-small:0;--awb-spacing-right-small:1.92%;--awb-spacing-left-small:1.92%;\"><div class=\"fusion-column-wrapper fusion-column-has-shadow fusion-flex-justify-content-flex-start fusion-content-layout-column\"><div class=\"fusion-text fusion-text-1\" style=\"--awb-text-transform:none;\"><div>\n<h2 style=\"--fontsize: 40; line-height: 1.2; font-family: Inter; font-weight: 200; --fontSize: 40; font-size: 50px;\" data-fontsize=\"40\" data-lineheight=\"48px\" data-fusion-font=\"true\" data-fusion-google-font=\"Inter\" data-fusion-google-variant=\"200\" align=\"center\" class=\"fusion-responsive-typography-calculated\">Au c\u0153ur de la distribution automatique et du caf\u00e9 en Europe<\/h2>\n<\/div>\n<\/div><div class=\"fusion-text fusion-text-2\" style=\"--awb-text-transform:none;\"><p style=\"text-align: center; font-family: Inter; font-weight: 400; font-size: 18px; line-height: 36px;\" data-fusion-font=\"true\" data-fusion-google-font=\"Inter\" data-fusion-google-variant=\"400\">Augsbourg n'est qu'\u00e0 un battement de cils de Munich et est id\u00e9alement situ\u00e9e en plein c\u0153ur de l'Europe des distributeurs automatiques et du caf\u00e9 : que ce soit l'Allemagne, l'Autriche, le Liechtenstein, la Suisse \u2013 ou ses pays voisins comme le Benelux, la R\u00e9publique tch\u00e8que et la Slovaquie, la Hongrie, la Pologne, la Roumanie et la Croatie. Munich est facilement accessible en avion, en train ou en voiture via de nombreuses autoroutes. Un lieu d'exposition optimal \u2013 au c\u0153ur de l'Europe.<\/p>\n<\/div><\/div><\/div><\/div><\/div><div class=\"fusion-fullwidth fullwidth-box fusion-builder-row-2 fusion-flex-container nonhundred-percent-fullwidth non-hundred-percent-height-scrolling\" style=\"--awb-border-radius-top-left:0px;--awb-border-radius-top-right:0px;--awb-border-radius-bottom-right:0px;--awb-border-radius-bottom-left:0px;--awb-flex-wrap:wrap;\" ><div class=\"fusion-builder-row fusion-row fusion-flex-align-items-flex-start fusion-flex-content-wrap\" style=\"max-width:1064.96px;margin-left: calc(-4% \/ 2 );margin-right: calc(-4% \/ 2 );\"><div class=\"fusion-layout-column fusion_builder_column fusion-builder-column-1 fusion_builder_column_1_1 1_1 fusion-flex-column\" style=\"--awb-bg-size:cover;--awb-width-large:100%;--awb-margin-top-large:15px;--awb-spacing-right-large:1.92%;--awb-margin-bottom-large:15px;--awb-spacing-left-large:1.92%;--awb-width-medium:100%;--awb-order-medium:0;--awb-spacing-right-medium:1.92%;--awb-spacing-left-medium:1.92%;--awb-width-small:100%;--awb-order-small:0;--awb-spacing-right-small:1.92%;--awb-spacing-left-small:1.92%;\"><div class=\"fusion-column-wrapper fusion-column-has-shadow fusion-flex-justify-content-flex-start fusion-content-layout-column\"><div class=\"fusion-image-element\" style=\"text-align:center;--awb-max-width:700px;--awb-caption-title-font-family:var(--h2_typography-font-family);--awb-caption-title-font-weight:var(--h2_typography-font-weight);--awb-caption-title-font-style:var(--h2_typography-font-style);--awb-caption-title-size:var(--h2_typography-font-size);--awb-caption-title-transform:var(--h2_typography-text-transform);--awb-caption-title-line-height:var(--h2_typography-line-height);--awb-caption-title-letter-spacing:var(--h2_typography-letter-spacing);\"><span class=\"fusion-imageframe imageframe-none imageframe-1 hover-type-none\"><img decoding=\"async\" width=\"1920\" height=\"1830\" alt=\"Vendtra in Europa\" title=\"Vente en Europe\" src=\"https:\/\/www.vendtra.com\/wp-content\/uploads\/2026\/04\/26_2_Unbenannt-1-1.jpg\" class=\"img-responsive wp-image-7889\" srcset=\"https:\/\/www.vendtra.com\/wp-content\/uploads\/2026\/04\/26_2_Unbenannt-1-1-200x191.jpg 200w, https:\/\/www.vendtra.com\/wp-content\/uploads\/2026\/04\/26_2_Unbenannt-1-1-400x381.jpg 400w, https:\/\/www.vendtra.com\/wp-content\/uploads\/2026\/04\/26_2_Unbenannt-1-1-600x572.jpg 600w, https:\/\/www.vendtra.com\/wp-content\/uploads\/2026\/04\/26_2_Unbenannt-1-1-800x763.jpg 800w, https:\/\/www.vendtra.com\/wp-content\/uploads\/2026\/04\/26_2_Unbenannt-1-1-1200x1144.jpg 1200w, https:\/\/www.vendtra.com\/wp-content\/uploads\/2026\/04\/26_2_Unbenannt-1-1.jpg 1920w\" sizes=\"(max-width: 1024px) 100vw, (max-width: 640px) 100vw, 1200px\" \/><\/span><\/div><\/div><\/div><\/div><\/div><\/p>","protected":false},"excerpt":{"rendered":"","protected":false},"author":1,"featured_media":-3,"parent":0,"menu_order":0,"comment_status":"closed","ping_status":"closed","template":"100-width.php","meta":{"_acf_changed":false,"footnotes":""},"class_list":["post-4966","page","type-page","status-publish","has-post-thumbnail","hentry"],"acf":[],"yoast_head":"<!-- This site is optimized with the Yoast SEO plugin v27.5 - https:\/\/yoast.com\/product\/yoast-seo-wordpress\/ -->\n<title>VENDTRA<\/title>\n<meta name=\"description\" content=\"Vending Trade Festival, Germany\" \/>\n<meta name=\"robots\" content=\"index, follow, max-snippet:-1, max-image-preview:large, max-video-preview:-1\" \/>\n<link rel=\"canonical\" href=\"https:\/\/www.vendtra.com\/fr\/lage\/\" \/>\n<meta property=\"og:locale\" content=\"fr_FR\" \/>\n<meta property=\"og:type\" content=\"article\" \/>\n<meta property=\"og:title\" content=\"VENDTRA\" \/>\n<meta property=\"og:description\" content=\"Vending Trade Festival, Germany\" \/>\n<meta property=\"og:url\" content=\"https:\/\/www.vendtra.com\/fr\/lage\/\" \/>\n<meta property=\"og:site_name\" content=\"VENDTRA\" \/>\n<meta property=\"article:publisher\" content=\"https:\/\/www.facebook.com\/vendingreport\/?ref=pages_you_manage\" \/>\n<meta property=\"article:modified_time\" content=\"2026-04-20T11:31:03+00:00\" \/>\n<meta name=\"twitter:card\" content=\"summary_large_image\" \/>\n<meta name=\"twitter:label1\" content=\"Dur\u00e9e de lecture estim\u00e9e\" \/>\n\t<meta name=\"twitter:data1\" content=\"2 minutes\" \/>\n<script type=\"application\/ld+json\" class=\"yoast-schema-graph\">{\"@context\":\"https:\\\/\\\/schema.org\",\"@graph\":[{\"@type\":\"WebPage\",\"@id\":\"https:\\\/\\\/www.vendtra.com\\\/de\\\/lage\\\/\",\"url\":\"https:\\\/\\\/www.vendtra.com\\\/de\\\/lage\\\/\",\"name\":\"VENDTRA\",\"isPartOf\":{\"@id\":\"https:\\\/\\\/www.vendtra.com\\\/#website\"},\"datePublished\":\"2021-11-23T19:22:20+00:00\",\"dateModified\":\"2026-04-20T11:31:03+00:00\",\"description\":\"Vending Trade Festival, Germany\",\"breadcrumb\":{\"@id\":\"https:\\\/\\\/www.vendtra.com\\\/de\\\/lage\\\/#breadcrumb\"},\"inLanguage\":\"fr-FR\",\"potentialAction\":[{\"@type\":\"ReadAction\",\"target\":[\"https:\\\/\\\/www.vendtra.com\\\/de\\\/lage\\\/\"]}]},{\"@type\":\"BreadcrumbList\",\"@id\":\"https:\\\/\\\/www.vendtra.com\\\/de\\\/lage\\\/#breadcrumb\",\"itemListElement\":[{\"@type\":\"ListItem\",\"position\":1,\"name\":\"Startseite\",\"item\":\"https:\\\/\\\/www.vendtra.com\\\/de\\\/\"},{\"@type\":\"ListItem\",\"position\":2,\"name\":\"Lage\"}]},{\"@type\":\"WebSite\",\"@id\":\"https:\\\/\\\/www.vendtra.com\\\/#website\",\"url\":\"https:\\\/\\\/www.vendtra.com\\\/\",\"name\":\"VENDTRA\",\"description\":\"Messe der Vending- und Kaffeewirtschaft Deutschland\",\"publisher\":{\"@id\":\"https:\\\/\\\/www.vendtra.com\\\/#organization\"},\"potentialAction\":[{\"@type\":\"SearchAction\",\"target\":{\"@type\":\"EntryPoint\",\"urlTemplate\":\"https:\\\/\\\/www.vendtra.com\\\/?s={search_term_string}\"},\"query-input\":{\"@type\":\"PropertyValueSpecification\",\"valueRequired\":true,\"valueName\":\"search_term_string\"}}],\"inLanguage\":\"fr-FR\"},{\"@type\":\"Organization\",\"@id\":\"https:\\\/\\\/www.vendtra.com\\\/#organization\",\"name\":\"VENDTRA\",\"url\":\"https:\\\/\\\/www.vendtra.com\\\/\",\"logo\":{\"@type\":\"ImageObject\",\"inLanguage\":\"fr-FR\",\"@id\":\"https:\\\/\\\/www.vendtra.com\\\/#\\\/schema\\\/logo\\\/image\\\/\",\"url\":\"https:\\\/\\\/www.vendtra.com\\\/wp-content\\\/uploads\\\/2021\\\/01\\\/vendtra_apple_ipad_retina.png\",\"contentUrl\":\"https:\\\/\\\/www.vendtra.com\\\/wp-content\\\/uploads\\\/2021\\\/01\\\/vendtra_apple_ipad_retina.png\",\"width\":167,\"height\":167,\"caption\":\"VENDTRA\"},\"image\":{\"@id\":\"https:\\\/\\\/www.vendtra.com\\\/#\\\/schema\\\/logo\\\/image\\\/\"},\"sameAs\":[\"https:\\\/\\\/www.facebook.com\\\/vendingreport\\\/?ref=pages_you_manage\"]}]}<\/script>\n<!-- \/ Yoast SEO plugin. -->","yoast_head_json":{"title":"VENDTRA","description":"Vending Trade Festival, Germany","robots":{"index":"index","follow":"follow","max-snippet":"max-snippet:-1","max-image-preview":"max-image-preview:large","max-video-preview":"max-video-preview:-1"},"canonical":"https:\/\/www.vendtra.com\/fr\/lage\/","og_locale":"fr_FR","og_type":"article","og_title":"VENDTRA","og_description":"Vending Trade Festival, Germany","og_url":"https:\/\/www.vendtra.com\/fr\/lage\/","og_site_name":"VENDTRA","article_publisher":"https:\/\/www.facebook.com\/vendingreport\/?ref=pages_you_manage","article_modified_time":"2026-04-20T11:31:03+00:00","twitter_card":"summary_large_image","twitter_misc":{"Dur\u00e9e de lecture estim\u00e9e":"2 minutes"},"schema":{"@context":"https:\/\/schema.org","@graph":[{"@type":"WebPage","@id":"https:\/\/www.vendtra.com\/de\/lage\/","url":"https:\/\/www.vendtra.com\/de\/lage\/","name":"VENDTRA","isPartOf":{"@id":"https:\/\/www.vendtra.com\/#website"},"datePublished":"2021-11-23T19:22:20+00:00","dateModified":"2026-04-20T11:31:03+00:00","description":"Vending Trade Festival, Germany","breadcrumb":{"@id":"https:\/\/www.vendtra.com\/de\/lage\/#breadcrumb"},"inLanguage":"fr-FR","potentialAction":[{"@type":"ReadAction","target":["https:\/\/www.vendtra.com\/de\/lage\/"]}]},{"@type":"BreadcrumbList","@id":"https:\/\/www.vendtra.com\/de\/lage\/#breadcrumb","itemListElement":[{"@type":"ListItem","position":1,"name":"Startseite","item":"https:\/\/www.vendtra.com\/de\/"},{"@type":"ListItem","position":2,"name":"Lage"}]},{"@type":"WebSite","@id":"https:\/\/www.vendtra.com\/#website","url":"https:\/\/www.vendtra.com\/","name":"VENDTRA","description":"Messe du secteur de la vente automatique et du caf\u00e9 en Allemagne","publisher":{"@id":"https:\/\/www.vendtra.com\/#organization"},"potentialAction":[{"@type":"SearchAction","target":{"@type":"EntryPoint","urlTemplate":"https:\/\/www.vendtra.com\/?s={search_term_string}"},"query-input":{"@type":"PropertyValueSpecification","valueRequired":true,"valueName":"search_term_string"}}],"inLanguage":"fr-FR"},{"@type":"Organization","@id":"https:\/\/www.vendtra.com\/#organization","name":"VENDTRA","url":"https:\/\/www.vendtra.com\/","logo":{"@type":"ImageObject","inLanguage":"fr-FR","@id":"https:\/\/www.vendtra.com\/#\/schema\/logo\/image\/","url":"https:\/\/www.vendtra.com\/wp-content\/uploads\/2021\/01\/vendtra_apple_ipad_retina.png","contentUrl":"https:\/\/www.vendtra.com\/wp-content\/uploads\/2021\/01\/vendtra_apple_ipad_retina.png","width":167,"height":167,"caption":"VENDTRA"},"image":{"@id":"https:\/\/www.vendtra.com\/#\/schema\/logo\/image\/"},"sameAs":["https:\/\/www.facebook.com\/vendingreport\/?ref=pages_you_manage"]}]}},"_links":{"self":[{"href":"https:\/\/www.vendtra.com\/fr\/wp-json\/wp\/v2\/pages\/4966","targetHints":{"allow":["GET"]}}],"collection":[{"href":"https:\/\/www.vendtra.com\/fr\/wp-json\/wp\/v2\/pages"}],"about":[{"href":"https:\/\/www.vendtra.com\/fr\/wp-json\/wp\/v2\/types\/page"}],"author":[{"embeddable":true,"href":"https:\/\/www.vendtra.com\/fr\/wp-json\/wp\/v2\/users\/1"}],"replies":[{"embeddable":true,"href":"https:\/\/www.vendtra.com\/fr\/wp-json\/wp\/v2\/comments?post=4966"}],"version-history":[{"count":7,"href":"https:\/\/www.vendtra.com\/fr\/wp-json\/wp\/v2\/pages\/4966\/revisions"}],"predecessor-version":[{"id":7890,"href":"https:\/\/www.vendtra.com\/fr\/wp-json\/wp\/v2\/pages\/4966\/revisions\/7890"}],"wp:featuredmedia":[{"embeddable":true,"href":"https:\/\/www.vendtra.com\/fr\/wp-json\/"}],"wp:attachment":[{"href":"https:\/\/www.vendtra.com\/fr\/wp-json\/wp\/v2\/media?parent=4966"}],"curies":[{"name":"wp","href":"https:\/\/api.w.org\/{rel}","templated":true}]}}