{"id":2687,"date":"2020-09-02T10:47:45","date_gmt":"2020-09-02T08:47:45","guid":{"rendered":"http:\/\/vendtra.com\/?page_id=2687"},"modified":"2025-09-11T17:03:02","modified_gmt":"2025-09-11T15:03:02","slug":"registrierung","status":"publish","type":"page","link":"https:\/\/www.vendtra.com\/de\/registrierung\/","title":{"rendered":"Registrierung"},"content":{"rendered":"<p><div class=\"fusion-fullwidth fullwidth-box fusion-builder-row-1 fusion-flex-container nonhundred-percent-fullwidth non-hundred-percent-height-scrolling\" style=\"--awb-border-radius-top-left:0px;--awb-border-radius-top-right:0px;--awb-border-radius-bottom-right:0px;--awb-border-radius-bottom-left:0px;--awb-flex-wrap:wrap;\" ><div class=\"fusion-builder-row fusion-row fusion-flex-align-items-flex-start fusion-flex-content-wrap\" style=\"max-width:calc( 1024px + 0px );margin-left: calc(-0px \/ 2 );margin-right: calc(-0px \/ 2 );\"><div class=\"fusion-layout-column fusion_builder_column fusion-builder-column-0 fusion_builder_column_1_1 1_1 fusion-flex-column fusion-flex-align-self-flex-start fusion-column-no-min-height\" style=\"--awb-bg-blend:overlay;--awb-bg-size:cover;--awb-width-large:100%;--awb-margin-top-large:0px;--awb-spacing-right-large:0px;--awb-margin-bottom-large:0px;--awb-spacing-left-large:0px;--awb-width-medium:100%;--awb-spacing-right-medium:0px;--awb-spacing-left-medium:0px;--awb-width-small:100%;--awb-spacing-right-small:0px;--awb-spacing-left-small:0px;\"><div class=\"fusion-column-wrapper fusion-flex-justify-content-flex-start fusion-content-layout-column\"><div class=\"fusion-menu-anchor\" id=\"overview\"><\/div><script>\ndocument.addEventListener(\"DOMContentLoaded\", function() {\n  \/\/ Munich Button\n  var munichBtn = document.querySelector(\".ticket-munich-btn\");\n  if (munichBtn) {\n    munichBtn.addEventListener(\"click\", function(e) {\n      e.preventDefault();\n      fbq('trackCustom', 'TicketMunich');\n      setTimeout(function() {\n        window.location.href = munichBtn.getAttribute(\"href\");\n      }, 200);\n    });\n  }\n\n  \/\/ Digital Button\n  var digitalBtn = document.querySelector(\".ticket-digital-btn\");\n  if (digitalBtn) {\n    digitalBtn.addEventListener(\"click\", function(e) {\n      e.preventDefault();\n      fbq('trackCustom', 'TicketDigital');\n      setTimeout(function() {\n        window.location.href = digitalBtn.getAttribute(\"href\");\n      }, 20000);\n    });\n  }\n});\n<\/script>\n<\/div><\/div><\/div><\/div><div class=\"fusion-fullwidth fullwidth-box fusion-builder-row-2 nonhundred-percent-fullwidth non-hundred-percent-height-scrolling\" style=\"--awb-border-radius-top-left:0px;--awb-border-radius-top-right:0px;--awb-border-radius-bottom-right:0px;--awb-border-radius-bottom-left:0px;--awb-flex-wrap:wrap;\" ><div class=\"fusion-builder-row fusion-row\"><div class=\"fusion-layout-column fusion_builder_column fusion-builder-column-1 fusion_builder_column_1_2 1_2 fusion-one-half fusion-column-first\" style=\"--awb-bg-blend:overlay;--awb-bg-size:cover;width:50%;width:calc(50% - ( ( 4% ) * 0.5 ) );margin-right: 4%;\"><div class=\"fusion-column-wrapper fusion-column-has-shadow fusion-flex-column-wrapper-legacy\"><div class=\"fusion-text fusion-text-1\"><h1 class=\"fusion-responsive-typography-calculated\" style=\"color: #000000; font-size: 50px; line-height: 1.14; --fontsize: 50;\" align=\"center\" data-fontsize=\"50\" data-lineheight=\"57px\" data-inline-fontsize=\"49.103px\" data-inline-lineheight=\"56.959px\"><span style=\"font-size: 42px;\" data-fusion-font=\"true\">Vendtra, M\u00fcnchen<\/span><\/h1>\n<p style=\"color: #000000;\"><u>Die Online-Registrierung ist erst ab 01.09.2025 aktiv.<\/u> Die Messe findet vom 23.-24. September 2025, jeweils von 10:00 &#8211; 17:00 Uhr in M\u00fcnchen statt. Der Branchenabend findet am ersten Messeabend, 23. September 2025, im Augustiner Stammhaus vom 19:00 &#8211; 23:00 Uhr statt. Der VIP-Tag auf dem Oktoberfest findet am 25. September 2025 von 11:00 &#8211; 16:30 Uhr im Paulander Festzelt statt. Einla\u00df nur \u00fcber VIP-Tickets, die Sie \u00fcber den Aussteller Ihrer Wahl erhalten.<span style=\"font-family: Source Sans Pro; font-weight: 300; color: #000000;\" data-fusion-font=\"true\" data-fusion-google-font=\"Source Sans Pro\" data-fusion-google-variant=\"300\"><br \/>\n<\/span><\/p>\n<\/div><div class=\"fusion-clearfix\"><\/div><\/div><\/div><div class=\"fusion-layout-column fusion_builder_column fusion-builder-column-2 fusion_builder_column_1_2 1_2 fusion-one-half fusion-column-last\" style=\"--awb-bg-blend:overlay;--awb-bg-size:cover;width:50%;width:calc(50% - ( ( 4% ) * 0.5 ) );\"><div class=\"fusion-column-wrapper fusion-column-has-shadow fusion-flex-column-wrapper-legacy\"><div class=\"fusion-text fusion-text-2\" style=\"--awb-text-transform:none;\"><h1 class=\"fusion-responsive-typography-calculated\" style=\"color: #000000; font-size: 48.121px; line-height: 1.14; --fontsize: 48.121;\" align=\"center\" data-fontsize=\"48.121\" data-lineheight=\"54.85px\" data-inline-fontsize=\"49.103px\" data-inline-lineheight=\"56.959px\"><span style=\"font-size: 46px;\" data-fusion-font=\"true\"><span style=\"font-size: 42px;\" data-fusion-font=\"true\">Vendtra Twins, Digital<\/span><br \/>\n<\/span><\/h1>\n<p align=\"left\"><span style=\"color: #000000;\"><b><u><span style=\"font-weight: 300;\" data-fusion-font=\"true\" data-fusion-google-font=\"Source Sans 3\" data-fusion-google-variant=\"300\">Die Online-Registrierung ist erst ab 01.09.2025 aktiv. <\/span><\/u><\/b><\/span><span style=\"font-weight: 300;\" data-fusion-font=\"true\" data-fusion-google-font=\"Source Sans 3\" data-fusion-google-variant=\"300\">Die Messe findet vom 23.-24. September 2025, jeweils von 10:00 &#8211; 17:00 Uhr online statt. Info: Vendtra Twins richtet sich an alle Branchenteilnehmer, die nicht den Weg nach M\u00fcnchen schaffen. Aber auch an Mitarbeiter aller Unternehmen wie Techniker oder Bef\u00fcller der Vending- und Kaffeewirtschaft. Bitte beachten Sie die Download-M\u00f6glichkeit aktueller Bilder, zur Verwendung auf der eigenen Website. Aktualisieren Sie hier\u00fcber Ihren Web-Auftritt.<br \/>\n<\/span><\/p>\n<\/div><div class=\"fusion-clearfix\"><\/div><\/div><\/div><\/div><\/div><div class=\"fusion-fullwidth fullwidth-box fusion-builder-row-3 nonhundred-percent-fullwidth non-hundred-percent-height-scrolling\" style=\"--awb-border-radius-top-left:0px;--awb-border-radius-top-right:0px;--awb-border-radius-bottom-right:0px;--awb-border-radius-bottom-left:0px;--awb-flex-wrap:wrap;\" ><div class=\"fusion-builder-row fusion-row\"><div class=\"fusion-layout-column fusion_builder_column fusion-builder-column-3 fusion_builder_column_1_2 1_2 fusion-one-half fusion-column-first\" style=\"--awb-bg-blend:overlay;--awb-bg-size:cover;width:50%;width:calc(50% - ( ( 4% ) * 0.5 ) );margin-right: 4%;\"><div class=\"fusion-column-wrapper fusion-column-has-shadow fusion-flex-column-wrapper-legacy\"><div class=\"fusion-text fusion-text-3\"><\/div><div class=\"fusion-button-wrapper fusion-align-block\"><a class=\"fusion-button button-flat fusion-button-default-size button-blue fusion-button-blue button-1 fusion-button-default-span fusion-button-default-type ticket-munich-btn\" target=\"_self\" title=\"AB 01.08.2025 HIER\" aria-label=\"AB 01.08.2025 HIER\" href=\"https:\/\/register.vendtra.com\/visitor\/register\"><span class=\"fusion-button-text awb-button__text awb-button__text--default\">Ticket &#8211; Vendtra M\u00fcnchen<\/span><\/a><\/div><div class=\"fusion-clearfix\"><\/div><\/div><\/div><div class=\"fusion-layout-column fusion_builder_column fusion-builder-column-4 fusion_builder_column_1_2 1_2 fusion-one-half fusion-column-last\" style=\"--awb-bg-blend:overlay;--awb-bg-size:cover;width:50%;width:calc(50% - ( ( 4% ) * 0.5 ) );\"><div class=\"fusion-column-wrapper fusion-column-has-shadow fusion-flex-column-wrapper-legacy\"><div class=\"fusion-text fusion-text-4\"><\/div><div class=\"fusion-button-wrapper fusion-align-block\"><a class=\"fusion-button button-flat fusion-button-default-size button-blue fusion-button-blue button-2 fusion-button-default-span fusion-button-default-type ticket-digital-btn\" target=\"_self\" title=\"AB 01.08.2025 HIER\" aria-label=\"AB 01.08.2025 HIER\" href=\"https:\/\/vendtra.expo-ip.com\/\"><span class=\"fusion-button-text awb-button__text awb-button__text--default\">Ticket &#8211; Vendtra Twins, Digital<\/span><\/a><\/div><div class=\"fusion-clearfix\"><\/div><\/div><\/div><\/div><\/div><\/p>\n","protected":false},"excerpt":{"rendered":"","protected":false},"author":1,"featured_media":-3,"parent":0,"menu_order":0,"comment_status":"closed","ping_status":"closed","template":"100-width.php","meta":{"_acf_changed":false,"footnotes":""},"class_list":["post-2687","page","type-page","status-publish","has-post-thumbnail","hentry"],"acf":[],"yoast_head":"<!-- This site is optimized with the Yoast SEO plugin v27.4 - https:\/\/yoast.com\/product\/yoast-seo-wordpress\/ -->\n<title>VENDTRA<\/title>\n<meta name=\"description\" content=\"Vending Trade Festival, Germany\" \/>\n<meta name=\"robots\" content=\"index, follow, max-snippet:-1, max-image-preview:large, max-video-preview:-1\" \/>\n<link rel=\"canonical\" href=\"https:\/\/www.vendtra.com\/de\/registrierung\/\" \/>\n<meta property=\"og:locale\" content=\"de_DE\" \/>\n<meta property=\"og:type\" content=\"article\" \/>\n<meta property=\"og:title\" content=\"VENDTRA\" \/>\n<meta property=\"og:description\" content=\"Vending Trade Festival, Germany\" \/>\n<meta property=\"og:url\" content=\"https:\/\/www.vendtra.com\/de\/registrierung\/\" \/>\n<meta property=\"og:site_name\" content=\"VENDTRA\" \/>\n<meta property=\"article:publisher\" content=\"https:\/\/www.facebook.com\/vendingreport\/?ref=pages_you_manage\" \/>\n<meta property=\"article:modified_time\" content=\"2025-09-11T15:03:02+00:00\" \/>\n<meta name=\"twitter:card\" content=\"summary_large_image\" \/>\n<meta name=\"twitter:label1\" content=\"Gesch\u00e4tzte Lesezeit\" \/>\n\t<meta name=\"twitter:data1\" content=\"1\u00a0Minute\" \/>\n<script type=\"application\/ld+json\" class=\"yoast-schema-graph\">{\"@context\":\"https:\\\/\\\/schema.org\",\"@graph\":[{\"@type\":\"WebPage\",\"@id\":\"https:\\\/\\\/www.vendtra.com\\\/registrierung\\\/\",\"url\":\"https:\\\/\\\/www.vendtra.com\\\/registrierung\\\/\",\"name\":\"VENDTRA\",\"isPartOf\":{\"@id\":\"https:\\\/\\\/www.vendtra.com\\\/#website\"},\"datePublished\":\"2020-09-02T08:47:45+00:00\",\"dateModified\":\"2025-09-11T15:03:02+00:00\",\"description\":\"Vending Trade Festival, Germany\",\"breadcrumb\":{\"@id\":\"https:\\\/\\\/www.vendtra.com\\\/registrierung\\\/#breadcrumb\"},\"inLanguage\":\"de\",\"potentialAction\":[{\"@type\":\"ReadAction\",\"target\":[\"https:\\\/\\\/www.vendtra.com\\\/registrierung\\\/\"]}]},{\"@type\":\"BreadcrumbList\",\"@id\":\"https:\\\/\\\/www.vendtra.com\\\/registrierung\\\/#breadcrumb\",\"itemListElement\":[{\"@type\":\"ListItem\",\"position\":1,\"name\":\"Startseite\",\"item\":\"https:\\\/\\\/www.vendtra.com\\\/de\\\/\"},{\"@type\":\"ListItem\",\"position\":2,\"name\":\"Registrierung\"}]},{\"@type\":\"WebSite\",\"@id\":\"https:\\\/\\\/www.vendtra.com\\\/#website\",\"url\":\"https:\\\/\\\/www.vendtra.com\\\/\",\"name\":\"VENDTRA\",\"description\":\"Messe der Vending- und Kaffeewirtschaft Deutschland\",\"publisher\":{\"@id\":\"https:\\\/\\\/www.vendtra.com\\\/#organization\"},\"potentialAction\":[{\"@type\":\"SearchAction\",\"target\":{\"@type\":\"EntryPoint\",\"urlTemplate\":\"https:\\\/\\\/www.vendtra.com\\\/?s={search_term_string}\"},\"query-input\":{\"@type\":\"PropertyValueSpecification\",\"valueRequired\":true,\"valueName\":\"search_term_string\"}}],\"inLanguage\":\"de\"},{\"@type\":\"Organization\",\"@id\":\"https:\\\/\\\/www.vendtra.com\\\/#organization\",\"name\":\"VENDTRA\",\"url\":\"https:\\\/\\\/www.vendtra.com\\\/\",\"logo\":{\"@type\":\"ImageObject\",\"inLanguage\":\"de\",\"@id\":\"https:\\\/\\\/www.vendtra.com\\\/#\\\/schema\\\/logo\\\/image\\\/\",\"url\":\"https:\\\/\\\/www.vendtra.com\\\/wp-content\\\/uploads\\\/2021\\\/01\\\/vendtra_apple_ipad_retina.png\",\"contentUrl\":\"https:\\\/\\\/www.vendtra.com\\\/wp-content\\\/uploads\\\/2021\\\/01\\\/vendtra_apple_ipad_retina.png\",\"width\":167,\"height\":167,\"caption\":\"VENDTRA\"},\"image\":{\"@id\":\"https:\\\/\\\/www.vendtra.com\\\/#\\\/schema\\\/logo\\\/image\\\/\"},\"sameAs\":[\"https:\\\/\\\/www.facebook.com\\\/vendingreport\\\/?ref=pages_you_manage\"]}]}<\/script>\n<!-- \/ Yoast SEO plugin. -->","yoast_head_json":{"title":"VENDTRA","description":"Vending Trade Festival, Germany","robots":{"index":"index","follow":"follow","max-snippet":"max-snippet:-1","max-image-preview":"max-image-preview:large","max-video-preview":"max-video-preview:-1"},"canonical":"https:\/\/www.vendtra.com\/de\/registrierung\/","og_locale":"de_DE","og_type":"article","og_title":"VENDTRA","og_description":"Vending Trade Festival, Germany","og_url":"https:\/\/www.vendtra.com\/de\/registrierung\/","og_site_name":"VENDTRA","article_publisher":"https:\/\/www.facebook.com\/vendingreport\/?ref=pages_you_manage","article_modified_time":"2025-09-11T15:03:02+00:00","twitter_card":"summary_large_image","twitter_misc":{"Gesch\u00e4tzte Lesezeit":"1\u00a0Minute"},"schema":{"@context":"https:\/\/schema.org","@graph":[{"@type":"WebPage","@id":"https:\/\/www.vendtra.com\/registrierung\/","url":"https:\/\/www.vendtra.com\/registrierung\/","name":"VENDTRA","isPartOf":{"@id":"https:\/\/www.vendtra.com\/#website"},"datePublished":"2020-09-02T08:47:45+00:00","dateModified":"2025-09-11T15:03:02+00:00","description":"Vending Trade Festival, Germany","breadcrumb":{"@id":"https:\/\/www.vendtra.com\/registrierung\/#breadcrumb"},"inLanguage":"de","potentialAction":[{"@type":"ReadAction","target":["https:\/\/www.vendtra.com\/registrierung\/"]}]},{"@type":"BreadcrumbList","@id":"https:\/\/www.vendtra.com\/registrierung\/#breadcrumb","itemListElement":[{"@type":"ListItem","position":1,"name":"Startseite","item":"https:\/\/www.vendtra.com\/de\/"},{"@type":"ListItem","position":2,"name":"Registrierung"}]},{"@type":"WebSite","@id":"https:\/\/www.vendtra.com\/#website","url":"https:\/\/www.vendtra.com\/","name":"VENDTRA","description":"Messe der Vending- und Kaffeewirtschaft Deutschland","publisher":{"@id":"https:\/\/www.vendtra.com\/#organization"},"potentialAction":[{"@type":"SearchAction","target":{"@type":"EntryPoint","urlTemplate":"https:\/\/www.vendtra.com\/?s={search_term_string}"},"query-input":{"@type":"PropertyValueSpecification","valueRequired":true,"valueName":"search_term_string"}}],"inLanguage":"de"},{"@type":"Organization","@id":"https:\/\/www.vendtra.com\/#organization","name":"VENDTRA","url":"https:\/\/www.vendtra.com\/","logo":{"@type":"ImageObject","inLanguage":"de","@id":"https:\/\/www.vendtra.com\/#\/schema\/logo\/image\/","url":"https:\/\/www.vendtra.com\/wp-content\/uploads\/2021\/01\/vendtra_apple_ipad_retina.png","contentUrl":"https:\/\/www.vendtra.com\/wp-content\/uploads\/2021\/01\/vendtra_apple_ipad_retina.png","width":167,"height":167,"caption":"VENDTRA"},"image":{"@id":"https:\/\/www.vendtra.com\/#\/schema\/logo\/image\/"},"sameAs":["https:\/\/www.facebook.com\/vendingreport\/?ref=pages_you_manage"]}]}},"_links":{"self":[{"href":"https:\/\/www.vendtra.com\/de\/wp-json\/wp\/v2\/pages\/2687","targetHints":{"allow":["GET"]}}],"collection":[{"href":"https:\/\/www.vendtra.com\/de\/wp-json\/wp\/v2\/pages"}],"about":[{"href":"https:\/\/www.vendtra.com\/de\/wp-json\/wp\/v2\/types\/page"}],"author":[{"embeddable":true,"href":"https:\/\/www.vendtra.com\/de\/wp-json\/wp\/v2\/users\/1"}],"replies":[{"embeddable":true,"href":"https:\/\/www.vendtra.com\/de\/wp-json\/wp\/v2\/comments?post=2687"}],"version-history":[{"count":33,"href":"https:\/\/www.vendtra.com\/de\/wp-json\/wp\/v2\/pages\/2687\/revisions"}],"predecessor-version":[{"id":7755,"href":"https:\/\/www.vendtra.com\/de\/wp-json\/wp\/v2\/pages\/2687\/revisions\/7755"}],"wp:featuredmedia":[{"embeddable":true,"href":"https:\/\/www.vendtra.com\/de\/wp-json\/"}],"wp:attachment":[{"href":"https:\/\/www.vendtra.com\/de\/wp-json\/wp\/v2\/media?parent=2687"}],"curies":[{"name":"wp","href":"https:\/\/api.w.org\/{rel}","templated":true}]}}